{"id":66,"date":"2023-09-06T17:59:55","date_gmt":"2023-09-06T15:59:55","guid":{"rendered":"https:\/\/ensetec.edu.sv\/?page_id=66"},"modified":"2023-09-06T17:59:56","modified_gmt":"2023-09-06T15:59:56","slug":"quienes-somos","status":"publish","type":"page","link":"https:\/\/ensetec.edu.sv\/index.php\/quienes-somos\/","title":{"rendered":"\u00bfQUI\u00c9NES SOMOS?"},"content":{"rendered":"\n<hr class=\"wp-block-separator has-alpha-channel-opacity\"\/>\n\n\n\n<p><strong>ENSETEC&nbsp;<\/strong>cuenta con m\u00e1s de 50 a\u00f1os de experiencia acumulados formando t\u00e9cnicos de calidad considerando el gran valor que esta experiencia representa, la ponemos a disposici\u00f3n para nuestros alumnos.&nbsp;Contamos con algunos de los mejores profesionales.<\/p>\n","protected":false},"excerpt":{"rendered":"<p>ENSETEC&nbsp;cuenta con m\u00e1s de 50 a\u00f1os de experiencia acumulados formando t\u00e9cnicos de calidad considerando el gran valor que esta experiencia &hellip; <\/p>\n","protected":false},"author":1,"featured_media":0,"parent":0,"menu_order":0,"comment_status":"closed","ping_status":"closed","template":"","meta":{"footnotes":""},"class_list":["post-66","page","type-page","status-publish","hentry"],"_links":{"self":[{"href":"https:\/\/ensetec.edu.sv\/index.php\/wp-json\/wp\/v2\/pages\/66","targetHints":{"allow":["GET"]}}],"collection":[{"href":"https:\/\/ensetec.edu.sv\/index.php\/wp-json\/wp\/v2\/pages"}],"about":[{"href":"https:\/\/ensetec.edu.sv\/index.php\/wp-json\/wp\/v2\/types\/page"}],"author":[{"embeddable":true,"href":"https:\/\/ensetec.edu.sv\/index.php\/wp-json\/wp\/v2\/users\/1"}],"replies":[{"embeddable":true,"href":"https:\/\/ensetec.edu.sv\/index.php\/wp-json\/wp\/v2\/comments?post=66"}],"version-history":[{"count":1,"href":"https:\/\/ensetec.edu.sv\/index.php\/wp-json\/wp\/v2\/pages\/66\/revisions"}],"predecessor-version":[{"id":68,"href":"https:\/\/ensetec.edu.sv\/index.php\/wp-json\/wp\/v2\/pages\/66\/revisions\/68"}],"wp:attachment":[{"href":"https:\/\/ensetec.edu.sv\/index.php\/wp-json\/wp\/v2\/media?parent=66"}],"curies":[{"name":"wp","href":"https:\/\/api.w.org\/{rel}","templated":true}]}}